{"id":167,"date":"2022-12-02T18:33:40","date_gmt":"2022-12-02T18:33:40","guid":{"rendered":"https:\/\/export.mercurytheme.com\/004\/?page_id=167"},"modified":"2026-01-09T20:46:12","modified_gmt":"2026-01-09T16:46:12","slug":"privacy-policy-2","status":"publish","type":"page","link":"https:\/\/xezerbaxis.com\/?page_id=167","title":{"rendered":"M\u0259xfilik Siyas\u0259ti"},"content":{"rendered":"\n<p><\/p>\n\n\n\n<p>Bu M\u0259xfilik Siyas\u0259ti yaln\u0131z m\u0259lumatland\u0131rma m\u0259qs\u0259di da\u015f\u0131y\u0131r v\u0259 Az\u0259rbaycan Respublikas\u0131n\u0131n q\u00fcvv\u0259d\u0259 olan qanunvericiliyinin \u00fcmumi prinsipl\u0259ri n\u0259z\u0259r\u0259 al\u0131nmaqla t\u0259rtib edilmi\u015fdir. S\u0259n\u0259d h\u00fcquqi \u00f6hd\u0259lik yaratm\u0131r.<\/p>\n\n\n\n<h2 class=\"wp-block-heading\">\u00dcmumi m\u0259lumat<\/h2>\n\n\n\n<h3 class=\"wp-block-heading\">Comments<\/h3>\n\n\n\n<p>Sayt istifad\u0259\u00e7il\u0259rin m\u0259xfiliyin\u0259 h\u00f6rm\u0259t edir v\u0259 \u015f\u0259xsi m\u0259lumatlar\u0131n qorunmas\u0131 m\u00f6vzusuna diqq\u0259tl\u0259 yana\u015f\u0131r. Sayt \u0259sas\u0259n a\u00e7\u0131q m\u0259nb\u0259li v\u0259 \u00fcmumi m\u0259lumat xarakterli kontent t\u0259qdim edir.<\/p>\n\n\n\n<h3 class=\"wp-block-heading\">Toplanan m\u0259lumatlar<\/h3>\n\n\n\n<p>Saytdan istifad\u0259 zaman\u0131 a\u015fa\u011f\u0131dak\u0131 texniki m\u0259lumatlar avtomatik \u015f\u0259kild\u0259 qeyd\u0259 al\u0131na bil\u0259r:<\/p>\n\n\n\n<ul class=\"wp-block-list\">\n<li>IP \u00fcnvan\u0131<\/li>\n\n\n\n<li>brauzer v\u0259 cihaz tipi<\/li>\n\n\n\n<li>sayt daxilind\u0259 bax\u0131lan s\u0259hif\u0259l\u0259r (statistik m\u0259qs\u0259dl\u0259rl\u0259)<\/li>\n<\/ul>\n\n\n\n<p>\u015e\u0259xsi m\u0259lumatlar (ad, e-po\u00e7t v\u0259 s.) yaln\u0131z istifad\u0259\u00e7i onlar\u0131 k\u00f6n\u00fcll\u00fc \u015f\u0259kild\u0259 t\u0259qdim etdikd\u0259 m\u00fcmk\u00fcn ola bil\u0259r.<\/p>\n\n\n\n<h3 class=\"wp-block-heading\">M\u0259lumatlar\u0131n istifad\u0259si<\/h3>\n\n\n\n<p>Toplanan m\u0259lumatlar yaln\u0131z a\u015fa\u011f\u0131dak\u0131 m\u0259qs\u0259dl\u0259rl\u0259 istifad\u0259 oluna bil\u0259r:<\/p>\n\n\n\n<ul class=\"wp-block-list\">\n<li>sayt\u0131n funksionall\u0131\u011f\u0131n\u0131n t\u0259hlili<\/li>\n\n\n\n<li>statistik v\u0259 \u00fcmumi analitik qiym\u0259tl\u0259ndirm\u0259<\/li>\n\n\n\n<li>istifad\u0259\u00e7i t\u0259cr\u00fcb\u0259sinin yax\u015f\u0131la\u015fd\u0131r\u0131lmas\u0131<\/li>\n<\/ul>\n\n\n\n<p>Sayt \u015f\u0259xsi m\u0259lumatlar\u0131n kommersiya m\u0259qs\u0259dil\u0259 istifad\u0259sini h\u0259d\u0259fl\u0259mir.<\/p>\n\n\n\n<h3 class=\"wp-block-heading\">\u00dc\u00e7\u00fcnc\u00fc t\u0259r\u0259f xidm\u0259tl\u0259ri<\/h3>\n\n\n\n<p>Sayt analitika v\u0259 texniki xidm\u0259tl\u0259r \u00fc\u00e7\u00fcn \u00fc\u00e7\u00fcnc\u00fc t\u0259r\u0259f platformalar\u0131ndan istifad\u0259 ed\u0259 bil\u0259r. Bu xidm\u0259tl\u0259r m\u00fcst\u0259qil m\u0259xfilik siyas\u0259tl\u0259rin\u0259 malikdir v\u0259 sayt onlar\u0131n f\u0259aliyy\u0259ti \u00fcz\u0259rind\u0259 m\u0259suliyy\u0259t da\u015f\u0131m\u0131r.<\/p>\n\n\n\n<h3 class=\"wp-block-heading\">M\u0259lumatlar\u0131n \u00f6t\u00fcr\u00fclm\u0259si<\/h3>\n\n\n\n<p>Toplanan m\u0259lumatlar \u00fc\u00e7\u00fcnc\u00fc \u015f\u0259xsl\u0259r\u0259 sat\u0131lm\u0131r v\u0259 \u00f6t\u00fcr\u00fclm\u00fcr, istisna olaraq qanunvericiliyin t\u0259l\u0259b etdiyi hallar m\u00fcmk\u00fcn ola bil\u0259r.<\/p>\n\n\n\n<h3 class=\"wp-block-heading\">M\u0259suliyy\u0259tin m\u0259hdudla\u015fd\u0131r\u0131lmas\u0131<\/h3>\n\n\n\n<p>Sayt t\u0259qdim olunan m\u0259lumatlar\u0131n taml\u0131\u011f\u0131, d\u0259qiqliyi v\u0259 ya n\u0259tic\u0259l\u0259ri il\u0259 ba\u011fl\u0131 h\u0259r hans\u0131 h\u00fcquqi v\u0259 ya maliyy\u0259 m\u0259suliyy\u0259ti da\u015f\u0131m\u0131r. Saytdan istifad\u0259 istifad\u0259\u00e7inin \u015f\u0259xsi q\u0259rar\u0131 v\u0259 m\u0259suliyy\u0259ti \u00e7\u0259r\u00e7iv\u0259sind\u0259 h\u0259yata ke\u00e7irilir.<\/p>\n\n\n\n<h2 class=\"wp-block-heading\">Raz\u0131l\u0131q<\/h2>\n\n\n\n<p>Saytdan istifad\u0259 etm\u0259kl\u0259 istifad\u0259\u00e7i bu M\u0259xfilik Siyas\u0259tini m\u0259lumatland\u0131r\u0131c\u0131 s\u0259n\u0259d kimi q\u0259bul etdiyini bildirir.<\/p>\n\n\n\n<p>Bu s\u0259n\u0259d yaln\u0131z m\u0259lumatland\u0131rma m\u0259qs\u0259di da\u015f\u0131y\u0131r v\u0259 h\u00fcquqi \u00f6hd\u0259lik yaratm\u0131r.<\/p>\n\n\n\n<h2 class=\"wp-block-heading\">\u018flav\u0259<\/h2>\n\n\n\n<p>Bu veb-sayt&nbsp;<strong>18 ya\u015fdan yuxar\u0131<\/strong>&nbsp;istifad\u0259\u00e7il\u0259r \u00fc\u00e7\u00fcn n\u0259z\u0259rd\u0259 tutulmu\u015fdur. Saytda t\u0259qdim olunan b\u00fct\u00fcn materiallar yaln\u0131z&nbsp;<strong>m\u0259lumatland\u0131rma v\u0259 tan\u0131\u015fl\u0131q m\u0259qs\u0259di<\/strong>&nbsp;da\u015f\u0131y\u0131r.<\/p>\n\n\n\n<p>Sayt h\u0259r hans\u0131 qumar, m\u0259rc v\u0259 ya ox\u015far f\u0259aliyy\u0259tl\u0259rd\u0259 i\u015ftirak etm\u0259y\u0259 \u00e7a\u011f\u0131r\u0131\u015f etmir. Burada payla\u015f\u0131lan m\u0259lumatlar m\u00fc\u0259llifl\u0259rin \u015f\u0259xsi fikirl\u0259rin\u0259 v\u0259 t\u0259cr\u00fcb\u0259sin\u0259 \u0259saslan\u0131r v\u0259&nbsp;<strong>m\u0259sl\u0259h\u0259t, z\u0259man\u0259t v\u0259 ya \u00f6hd\u0259lik<\/strong>&nbsp;kimi qiym\u0259tl\u0259ndirilm\u0259m\u0259lidir.<\/p>\n\n\n\n<p>\u0130stifad\u0259\u00e7il\u0259r saytla tan\u0131\u015f olark\u0259n \u00f6z q\u0259rarlar\u0131n\u0131&nbsp;<strong>m\u00fcst\u0259qil \u015f\u0259kild\u0259<\/strong>&nbsp;v\u0259&nbsp;<strong>\u015f\u0259xsi m\u0259suliyy\u0259tl\u0259ri<\/strong>&nbsp;\u00e7\u0259r\u00e7iv\u0259sind\u0259 q\u0259bul etm\u0259lidirl\u0259r. Sayt\u0131n m\u0259qs\u0259di t\u0259\u015fviq etm\u0259k deyil, m\u0259lumat verm\u0259k v\u0259 istifad\u0259\u00e7iy\u0259 m\u00f6vcud imkanlar haqq\u0131nda \u00fcmumi t\u0259s\u0259vv\u00fcr yaratmaqd\u0131r.<\/p>\n\n\n\n<p>\u018fg\u0259r istifad\u0259\u00e7inin ya\u015f\u0131&nbsp;<strong>18-d\u0259n azd\u0131rsa<\/strong>, bu saytdan istifad\u0259 etm\u0259si t\u00f6vsiy\u0259 edilmir v\u0259 sayt\u0131 t\u0259rk etm\u0259si xahi\u015f olunur.<\/p>\n\n\n\n<p>Saytdan istifad\u0259 etm\u0259kl\u0259 istifad\u0259\u00e7i yuxar\u0131da qeyd olunan \u015f\u0259rtl\u0259ri&nbsp;<strong>m\u0259lumatland\u0131r\u0131c\u0131 xarakterli<\/strong>&nbsp;olaraq q\u0259bul etdiyini t\u0259sdiql\u0259mi\u015f say\u0131l\u0131r.<\/p>\n\n\n\n<h2 class=\"wp-block-heading has-text-align-center\">Bu sayt 18+ ya\u015f kateqoriyas\u0131 \u00fc\u00e7\u00fcn n\u0259z\u0259rd\u0259 tutulub v\u0259 yaln\u0131z m\u0259lumat m\u0259qs\u0259di da\u015f\u0131y\u0131r.<\/h2>\n","protected":false},"excerpt":{"rendered":"<p>Bu M\u0259xfilik Siyas\u0259ti yaln\u0131z m\u0259lumatland\u0131rma m\u0259qs\u0259di da\u015f\u0131y\u0131r v\u0259 Az\u0259rbaycan Respublikas\u0131n\u0131n q\u00fcvv\u0259d\u0259 olan qanunvericiliyinin \u00fcmumi prinsipl\u0259ri n\u0259z\u0259r\u0259 al\u0131nmaqla t\u0259rtib edilmi\u015fdir. S\u0259n\u0259d h\u00fcquqi \u00f6hd\u0259lik yaratm\u0131r. \u00dcmumi m\u0259lumat Comments Sayt istifad\u0259\u00e7il\u0259rin m\u0259xfiliyin\u0259 h\u00f6rm\u0259t edir v\u0259 \u015f\u0259xsi m\u0259lumatlar\u0131n qorunmas\u0131 m\u00f6vzusuna diqq\u0259tl\u0259 yana\u015f\u0131r. Sayt \u0259sas\u0259n a\u00e7\u0131q m\u0259nb\u0259li v\u0259 \u00fcmumi m\u0259lumat xarakterli kontent t\u0259qdim edir. Toplanan m\u0259lumatlar Saytdan istifad\u0259 zaman\u0131 a\u015fa\u011f\u0131dak\u0131 [&hellip;]<\/p>\n","protected":false},"author":1,"featured_media":0,"parent":0,"menu_order":0,"comment_status":"closed","ping_status":"closed","template":"","meta":{"footnotes":""},"class_list":["post-167","page","type-page","status-publish","hentry"],"_hostinger_reach_plugin_has_subscription_block":false,"_hostinger_reach_plugin_is_elementor":false,"_links":{"self":[{"href":"https:\/\/xezerbaxis.com\/index.php?rest_route=\/wp\/v2\/pages\/167","targetHints":{"allow":["GET"]}}],"collection":[{"href":"https:\/\/xezerbaxis.com\/index.php?rest_route=\/wp\/v2\/pages"}],"about":[{"href":"https:\/\/xezerbaxis.com\/index.php?rest_route=\/wp\/v2\/types\/page"}],"author":[{"embeddable":true,"href":"https:\/\/xezerbaxis.com\/index.php?rest_route=\/wp\/v2\/users\/1"}],"replies":[{"embeddable":true,"href":"https:\/\/xezerbaxis.com\/index.php?rest_route=%2Fwp%2Fv2%2Fcomments&post=167"}],"version-history":[{"count":1,"href":"https:\/\/xezerbaxis.com\/index.php?rest_route=\/wp\/v2\/pages\/167\/revisions"}],"predecessor-version":[{"id":450,"href":"https:\/\/xezerbaxis.com\/index.php?rest_route=\/wp\/v2\/pages\/167\/revisions\/450"}],"wp:attachment":[{"href":"https:\/\/xezerbaxis.com\/index.php?rest_route=%2Fwp%2Fv2%2Fmedia&parent=167"}],"curies":[{"name":"wp","href":"https:\/\/api.w.org\/{rel}","templated":true}]}}